{"id":62,"date":"2023-01-09T18:13:43","date_gmt":"2023-01-09T17:13:43","guid":{"rendered":"https:\/\/puppetsgenetics-klnl9w7swk.live-website.com\/about-us\/"},"modified":"2023-09-21T17:22:11","modified_gmt":"2023-09-21T15:22:11","slug":"nosotros","status":"publish","type":"page","link":"https:\/\/puppetsgenetics.com\/es\/nosotros\/","title":{"rendered":"Sobre nosotros"},"content":{"rendered":"\n<p>\u00a1Hola! \u00a1Bienvenido a Puppets Genetics!. Somos dos amigos nacidos y criados en Catalu\u00f1a y el cannabis siempre ha sido nuestro compa\u00f1ero y nuestra pasi\u00f3n. Esta planta nos ha acompa\u00f1ado en muchos momentos de nuestra vida y nos ha llevado a compartir un viaje fascinante juntos.<\/p>\n\n\n\n<p>Este viaje que hemos compartido nos ha llevado al siguiente cap\u00edtulo de nuestra historia: la creaci\u00f3n de un banco de semillas de cannabis. Tras a\u00f1os de inmersi\u00f3n en la cultura cann\u00e1bica, decidimos que era hora de crear nuestros propios h\u00edbridos, buscando siempre el mejor sabor, efecto y potencia para compartirlos con el mundo.<\/p>\n\n\n\n<p>El nombre \u00abPuppets Genetics\u00bb se debe a nuestra creencia que, de alguna manera, hemos sido marionetas del destino en este viaje. El cannabis ha sido nuestro gu\u00eda y nos ha llevado a donde estamos hoy en d\u00eda y por eso decidimos honrarla con nuestro nombre.<\/p>\n\n\n\n<p>Nuestra \u00e9tica de trabajo es clara: s\u00f3lo cruzamos plantas que hemos seleccionado nosotros mismos. Nos aseguramos de que cada uno de nuestros h\u00edbridos sea \u00fanico y especial, con una gen\u00e9tica cuidadosamente seleccionada y un proceso de cultivo meticuloso.<\/p>\n\n\n\n<p>Para nosotros, el cannabis es m\u00e1s que una simple planta: es una forma de vida. Por eso, ponemos todo nuestro coraz\u00f3n y nuestra pasi\u00f3n en cada semilla que producimos. Queremos que nuestros h\u00edbridos sean los mejores que puedas encontrar, y estamos comprometidos a hacer todo lo posible para que as\u00ed sea.<\/p>\n\n\n\n<p>Gracias por tu tiempo y tu confianza!<\/p>\n","protected":false},"excerpt":{"rendered":"<p>\u00a1Hola! \u00a1Bienvenido a Puppets Genetics!. Somos dos amigos nacidos y criados en Catalu\u00f1a y el cannabis siempre ha sido nuestro compa\u00f1ero y nuestra pasi\u00f3n. Esta planta nos ha acompa\u00f1ado en muchos momentos de nuestra vida y nos ha llevado a compartir un viaje fascinante juntos. Este viaje que hemos compartido nos ha llevado al siguiente [&hellip;]<\/p>\n","protected":false},"author":1,"featured_media":0,"parent":0,"menu_order":0,"comment_status":"closed","ping_status":"closed","template":"","meta":{"footnotes":""},"class_list":["post-62","page","type-page","status-publish","hentry"],"yoast_head":"<!-- This site is optimized with the Yoast SEO plugin v27.5 - https:\/\/yoast.com\/product\/yoast-seo-wordpress\/ -->\n<title>Sobre nosotros | Best Cannabis Genetics<\/title>\n<meta name=\"robots\" content=\"index, follow, max-snippet:-1, max-image-preview:large, max-video-preview:-1\" \/>\n<link rel=\"canonical\" href=\"https:\/\/puppetsgenetics.com\/es\/nosotros\/\" \/>\n<meta property=\"og:locale\" content=\"es_ES\" \/>\n<meta property=\"og:type\" content=\"article\" \/>\n<meta property=\"og:title\" content=\"Sobre nosotros | Best Cannabis Genetics\" \/>\n<meta property=\"og:description\" content=\"\u00a1Hola! \u00a1Bienvenido a Puppets Genetics!. Somos dos amigos nacidos y criados en Catalu\u00f1a y el cannabis siempre ha sido nuestro compa\u00f1ero y nuestra pasi\u00f3n. Esta planta nos ha acompa\u00f1ado en muchos momentos de nuestra vida y nos ha llevado a compartir un viaje fascinante juntos. Este viaje que hemos compartido nos ha llevado al siguiente [&hellip;]\" \/>\n<meta property=\"og:url\" content=\"https:\/\/puppetsgenetics.com\/es\/nosotros\/\" \/>\n<meta property=\"og:site_name\" content=\"Puppets Genetics\" \/>\n<meta property=\"article:modified_time\" content=\"2023-09-21T15:22:11+00:00\" \/>\n<meta property=\"og:image\" content=\"https:\/\/puppetsgenetics.com\/wp-content\/uploads\/2024\/04\/Puppets-Logo.png\" \/>\n\t<meta property=\"og:image:width\" content=\"1280\" \/>\n\t<meta property=\"og:image:height\" content=\"1242\" \/>\n\t<meta property=\"og:image:type\" content=\"image\/png\" \/>\n<meta name=\"twitter:card\" content=\"summary_large_image\" \/>\n<meta name=\"twitter:label1\" content=\"Tiempo de lectura\" \/>\n\t<meta name=\"twitter:data1\" content=\"2 minutos\" \/>\n<script type=\"application\/ld+json\" class=\"yoast-schema-graph\">{\"@context\":\"https:\\\/\\\/schema.org\",\"@graph\":[{\"@type\":\"WebPage\",\"@id\":\"https:\\\/\\\/puppetsgenetics.com\\\/es\\\/nosotros\\\/\",\"url\":\"https:\\\/\\\/puppetsgenetics.com\\\/es\\\/nosotros\\\/\",\"name\":\"Sobre nosotros | Best Cannabis Genetics\",\"isPartOf\":{\"@id\":\"https:\\\/\\\/puppetsgenetics.com\\\/es\\\/#website\"},\"datePublished\":\"2023-01-09T17:13:43+00:00\",\"dateModified\":\"2023-09-21T15:22:11+00:00\",\"breadcrumb\":{\"@id\":\"https:\\\/\\\/puppetsgenetics.com\\\/es\\\/nosotros\\\/#breadcrumb\"},\"inLanguage\":\"es\",\"potentialAction\":[{\"@type\":\"ReadAction\",\"target\":[\"https:\\\/\\\/puppetsgenetics.com\\\/es\\\/nosotros\\\/\"]}]},{\"@type\":\"BreadcrumbList\",\"@id\":\"https:\\\/\\\/puppetsgenetics.com\\\/es\\\/nosotros\\\/#breadcrumb\",\"itemListElement\":[{\"@type\":\"ListItem\",\"position\":1,\"name\":\"Home\",\"item\":\"https:\\\/\\\/puppetsgenetics.com\\\/es\\\/\"},{\"@type\":\"ListItem\",\"position\":2,\"name\":\"Sobre nosotros\"}]},{\"@type\":\"WebSite\",\"@id\":\"https:\\\/\\\/puppetsgenetics.com\\\/es\\\/#website\",\"url\":\"https:\\\/\\\/puppetsgenetics.com\\\/es\\\/\",\"name\":\"PuppetsGenetics.com\",\"description\":\"Best Cannabis Genetics\",\"publisher\":{\"@id\":\"https:\\\/\\\/puppetsgenetics.com\\\/es\\\/#organization\"},\"alternateName\":\"PuppetsG\",\"potentialAction\":[{\"@type\":\"SearchAction\",\"target\":{\"@type\":\"EntryPoint\",\"urlTemplate\":\"https:\\\/\\\/puppetsgenetics.com\\\/es\\\/?s={search_term_string}\"},\"query-input\":{\"@type\":\"PropertyValueSpecification\",\"valueRequired\":true,\"valueName\":\"search_term_string\"}}],\"inLanguage\":\"es\"},{\"@type\":\"Organization\",\"@id\":\"https:\\\/\\\/puppetsgenetics.com\\\/es\\\/#organization\",\"name\":\"Puppets Genetics\",\"alternateName\":\"PuppetsG\",\"url\":\"https:\\\/\\\/puppetsgenetics.com\\\/es\\\/\",\"logo\":{\"@type\":\"ImageObject\",\"inLanguage\":\"es\",\"@id\":\"https:\\\/\\\/puppetsgenetics.com\\\/es\\\/#\\\/schema\\\/logo\\\/image\\\/\",\"url\":\"https:\\\/\\\/puppetsgenetics.com\\\/wp-content\\\/uploads\\\/2024\\\/04\\\/Puppets-Logo-1.png\",\"contentUrl\":\"https:\\\/\\\/puppetsgenetics.com\\\/wp-content\\\/uploads\\\/2024\\\/04\\\/Puppets-Logo-1.png\",\"width\":1280,\"height\":1242,\"caption\":\"Puppets Genetics\"},\"image\":{\"@id\":\"https:\\\/\\\/puppetsgenetics.com\\\/es\\\/#\\\/schema\\\/logo\\\/image\\\/\"},\"sameAs\":[\"https:\\\/\\\/www.instagram.com\\\/puppetsgenetics\\\/\"]}]}<\/script>\n<!-- \/ Yoast SEO plugin. -->","yoast_head_json":{"title":"Sobre nosotros | Best Cannabis Genetics","robots":{"index":"index","follow":"follow","max-snippet":"max-snippet:-1","max-image-preview":"max-image-preview:large","max-video-preview":"max-video-preview:-1"},"canonical":"https:\/\/puppetsgenetics.com\/es\/nosotros\/","og_locale":"es_ES","og_type":"article","og_title":"Sobre nosotros | Best Cannabis Genetics","og_description":"\u00a1Hola! \u00a1Bienvenido a Puppets Genetics!. Somos dos amigos nacidos y criados en Catalu\u00f1a y el cannabis siempre ha sido nuestro compa\u00f1ero y nuestra pasi\u00f3n. Esta planta nos ha acompa\u00f1ado en muchos momentos de nuestra vida y nos ha llevado a compartir un viaje fascinante juntos. Este viaje que hemos compartido nos ha llevado al siguiente [&hellip;]","og_url":"https:\/\/puppetsgenetics.com\/es\/nosotros\/","og_site_name":"Puppets Genetics","article_modified_time":"2023-09-21T15:22:11+00:00","og_image":[{"width":1280,"height":1242,"url":"https:\/\/puppetsgenetics.com\/wp-content\/uploads\/2024\/04\/Puppets-Logo.png","type":"image\/png"}],"twitter_card":"summary_large_image","twitter_misc":{"Tiempo de lectura":"2 minutos"},"schema":{"@context":"https:\/\/schema.org","@graph":[{"@type":"WebPage","@id":"https:\/\/puppetsgenetics.com\/es\/nosotros\/","url":"https:\/\/puppetsgenetics.com\/es\/nosotros\/","name":"Sobre nosotros | Best Cannabis Genetics","isPartOf":{"@id":"https:\/\/puppetsgenetics.com\/es\/#website"},"datePublished":"2023-01-09T17:13:43+00:00","dateModified":"2023-09-21T15:22:11+00:00","breadcrumb":{"@id":"https:\/\/puppetsgenetics.com\/es\/nosotros\/#breadcrumb"},"inLanguage":"es","potentialAction":[{"@type":"ReadAction","target":["https:\/\/puppetsgenetics.com\/es\/nosotros\/"]}]},{"@type":"BreadcrumbList","@id":"https:\/\/puppetsgenetics.com\/es\/nosotros\/#breadcrumb","itemListElement":[{"@type":"ListItem","position":1,"name":"Home","item":"https:\/\/puppetsgenetics.com\/es\/"},{"@type":"ListItem","position":2,"name":"Sobre nosotros"}]},{"@type":"WebSite","@id":"https:\/\/puppetsgenetics.com\/es\/#website","url":"https:\/\/puppetsgenetics.com\/es\/","name":"PuppetsGenetics.com","description":"Best Cannabis Genetics","publisher":{"@id":"https:\/\/puppetsgenetics.com\/es\/#organization"},"alternateName":"PuppetsG","potentialAction":[{"@type":"SearchAction","target":{"@type":"EntryPoint","urlTemplate":"https:\/\/puppetsgenetics.com\/es\/?s={search_term_string}"},"query-input":{"@type":"PropertyValueSpecification","valueRequired":true,"valueName":"search_term_string"}}],"inLanguage":"es"},{"@type":"Organization","@id":"https:\/\/puppetsgenetics.com\/es\/#organization","name":"Puppets Genetics","alternateName":"PuppetsG","url":"https:\/\/puppetsgenetics.com\/es\/","logo":{"@type":"ImageObject","inLanguage":"es","@id":"https:\/\/puppetsgenetics.com\/es\/#\/schema\/logo\/image\/","url":"https:\/\/puppetsgenetics.com\/wp-content\/uploads\/2024\/04\/Puppets-Logo-1.png","contentUrl":"https:\/\/puppetsgenetics.com\/wp-content\/uploads\/2024\/04\/Puppets-Logo-1.png","width":1280,"height":1242,"caption":"Puppets Genetics"},"image":{"@id":"https:\/\/puppetsgenetics.com\/es\/#\/schema\/logo\/image\/"},"sameAs":["https:\/\/www.instagram.com\/puppetsgenetics\/"]}]}},"_links":{"self":[{"href":"https:\/\/puppetsgenetics.com\/es\/wp-json\/wp\/v2\/pages\/62","targetHints":{"allow":["GET"]}}],"collection":[{"href":"https:\/\/puppetsgenetics.com\/es\/wp-json\/wp\/v2\/pages"}],"about":[{"href":"https:\/\/puppetsgenetics.com\/es\/wp-json\/wp\/v2\/types\/page"}],"author":[{"embeddable":true,"href":"https:\/\/puppetsgenetics.com\/es\/wp-json\/wp\/v2\/users\/1"}],"replies":[{"embeddable":true,"href":"https:\/\/puppetsgenetics.com\/es\/wp-json\/wp\/v2\/comments?post=62"}],"version-history":[{"count":6,"href":"https:\/\/puppetsgenetics.com\/es\/wp-json\/wp\/v2\/pages\/62\/revisions"}],"predecessor-version":[{"id":571,"href":"https:\/\/puppetsgenetics.com\/es\/wp-json\/wp\/v2\/pages\/62\/revisions\/571"}],"wp:attachment":[{"href":"https:\/\/puppetsgenetics.com\/es\/wp-json\/wp\/v2\/media?parent=62"}],"curies":[{"name":"wp","href":"https:\/\/api.w.org\/{rel}","templated":true}]}}