{"id":76,"date":"2023-01-09T16:34:05","date_gmt":"2023-01-09T15:34:05","guid":{"rendered":"https:\/\/puppetsgenetics-klnl9w7swk.live-website.com\/sample-page\/"},"modified":"2025-01-28T19:30:43","modified_gmt":"2025-01-28T18:30:43","slug":"sample-page","status":"publish","type":"page","link":"https:\/\/puppetsgenetics.com\/es\/","title":{"rendered":"Inicio"},"content":{"rendered":"\n<div style=\"height:30px\" aria-hidden=\"true\" class=\"wp-block-spacer\"><\/div>\n\n\n\n<figure class=\"wp-block-gallery has-nested-images columns-default is-cropped wp-block-gallery-1 is-layout-flex wp-block-gallery-is-layout-flex\">\n<figure class=\"wp-block-image size-full is-style-default\"><img loading=\"lazy\" decoding=\"async\" width=\"1920\" height=\"860\" data-id=\"743\" src=\"https:\/\/puppetsgenetics.com\/wp-content\/uploads\/2024\/03\/3-Lineas-redondeado.png\" alt=\"\" class=\"wp-image-743\" srcset=\"https:\/\/puppetsgenetics.com\/wp-content\/uploads\/2024\/03\/3-Lineas-redondeado.png 1920w, https:\/\/puppetsgenetics.com\/wp-content\/uploads\/2024\/03\/3-Lineas-redondeado-600x269.png 600w, https:\/\/puppetsgenetics.com\/wp-content\/uploads\/2024\/03\/3-Lineas-redondeado-300x134.png 300w, https:\/\/puppetsgenetics.com\/wp-content\/uploads\/2024\/03\/3-Lineas-redondeado-768x344.png 768w, https:\/\/puppetsgenetics.com\/wp-content\/uploads\/2024\/03\/3-Lineas-redondeado-1536x688.png 1536w, https:\/\/puppetsgenetics.com\/wp-content\/uploads\/2024\/03\/3-Lineas-redondeado-416x186.png 416w\" sizes=\"auto, (max-width: 1920px) 100vw, 1920px\" \/><\/figure>\n<\/figure>\n\n\n\n<div style=\"height:30px\" aria-hidden=\"true\" class=\"wp-block-spacer\"><\/div>\n\n\n\n<h2 class=\"wp-block-heading has-text-align-center has-huge-font-size\" style=\"font-style:normal;font-weight:800;text-transform:capitalize\">Semillas regulares<\/h2>\n\n\n\n<div style=\"height:30px\" aria-hidden=\"true\" class=\"wp-block-spacer\"><\/div>\n\n\n\n<div data-align-buttons=\"false\" data-block-name=\"woocommerce\/all-products\" data-columns=\"4\" data-content-visibility=\"{&quot;orderBy&quot;:false}\" data-layout-config=\"[[&quot;woocommerce\\\/product-image&quot;,{&quot;imageSizing&quot;:&quot;cropped&quot;}],[&quot;woocommerce\\\/product-title&quot;],[&quot;woocommerce\\\/product-price&quot;],[&quot;woocommerce\\\/product-rating&quot;],[&quot;woocommerce\\\/product-button&quot;]]\" data-orderby=\"menu_order\" data-rows=\"4\" class=\"wp-block-woocommerce-all-products wc-block-all-products\" data-attributes=\"{&quot;alignButtons&quot;:false,&quot;columns&quot;:4,&quot;contentVisibility&quot;:{&quot;orderBy&quot;:false},&quot;isPreview&quot;:false,&quot;layoutConfig&quot;:[[&quot;woocommerce\/product-image&quot;,{&quot;imageSizing&quot;:&quot;cropped&quot;}],[&quot;woocommerce\/product-title&quot;],[&quot;woocommerce\/product-price&quot;],[&quot;woocommerce\/product-rating&quot;],[&quot;woocommerce\/product-button&quot;]],&quot;orderby&quot;:&quot;menu_order&quot;,&quot;rows&quot;:4}\"><\/div>\n\n\n\n<h2 class=\"wp-block-heading has-text-align-left\">Informaci\u00f3n sobre el cannabis<\/h2>\n\n\n\n<div style=\"height:30px\" aria-hidden=\"true\" class=\"wp-block-spacer\"><\/div>\n\n\n\n<p>El cannabis es una planta que se ha utilizado con fines medicinales y recreativos durante miles de a\u00f1os. Contiene m\u00e1s de 100 compuestos, conocidos como cannabinoides, que interact\u00faan con el sistema endocannabinoide del cuerpo humano.<\/p>\n\n\n\n<p>Los dos cannabinoides m\u00e1s conocidos son el tetrahidrocannabinol (THC) y el cannabidiol (CBD). El THC es el compuesto psicoactivo que produce el \u00absubid\u00f3n\u00bb asociado con el consumo de cannabis, mientras que el CBD no es psicoactivo y se ha descubierto que tiene beneficios terap\u00e9uticos potenciales.<\/p>\n\n\n\n<p>El cannabis se ha utilizado para una variedad de prop\u00f3sitos a lo largo de la historia, incluido el alivio del dolor, la reducci\u00f3n de la ansiedad y la relajaci\u00f3n. Sin embargo, es importante tener en cuenta que el uso de cannabis tambi\u00e9n puede tener efectos secundarios negativos, como problemas de coordinaci\u00f3n, p\u00e9rdida de memoria a corto plazo y aumento de la frecuencia card\u00edaca.<\/p>\n\n\n\n<p>En nuestra empresa, vendemos semillas de cannabis como art\u00edculo de colecci\u00f3n. Es ilegal germinar o cultivar semillas de cannabis en algunas jurisdicciones, y no aprobamos ni fomentamos tales actividades.<\/p>\n\n\n\n<p>Si est\u00e1 considerando usar cannabis con fines medicinales o recreativos, le recomendamos que consulte con un profesional calificado para comprender los posibles beneficios y riesgos. Tambi\u00e9n es importante comprender las leyes relacionadas con el consumo de cannabis en su jurisdicci\u00f3n antes de realizar una compra.<\/p>\n\n\n\n<div style=\"height:30px\" aria-hidden=\"true\" class=\"wp-block-spacer\"><\/div>\n","protected":false},"excerpt":{"rendered":"<p>Semillas regulares Informaci\u00f3n sobre el cannabis El cannabis es una planta que se ha utilizado con fines medicinales y recreativos durante miles de a\u00f1os. Contiene m\u00e1s de 100 compuestos, conocidos como cannabinoides, que interact\u00faan con el sistema endocannabinoide del cuerpo humano. Los dos cannabinoides m\u00e1s conocidos son el tetrahidrocannabinol (THC) y el cannabidiol (CBD). El [&hellip;]<\/p>\n","protected":false},"author":1,"featured_media":0,"parent":0,"menu_order":0,"comment_status":"closed","ping_status":"open","template":"","meta":{"footnotes":""},"class_list":["post-76","page","type-page","status-publish","hentry"],"yoast_head":"<!-- This site is optimized with the Yoast SEO plugin v27.5 - https:\/\/yoast.com\/product\/yoast-seo-wordpress\/ -->\n<title>Puppets Genetics<\/title>\n<meta name=\"robots\" content=\"index, follow, max-snippet:-1, max-image-preview:large, max-video-preview:-1\" \/>\n<link rel=\"canonical\" href=\"https:\/\/puppetsgenetics.com\/es\/\" \/>\n<meta property=\"og:locale\" content=\"es_ES\" \/>\n<meta property=\"og:type\" content=\"article\" \/>\n<meta property=\"og:title\" content=\"Puppets Genetics\" \/>\n<meta property=\"og:description\" content=\"Semillas regulares Informaci\u00f3n sobre el cannabis El cannabis es una planta que se ha utilizado con fines medicinales y recreativos durante miles de a\u00f1os. Contiene m\u00e1s de 100 compuestos, conocidos como cannabinoides, que interact\u00faan con el sistema endocannabinoide del cuerpo humano. Los dos cannabinoides m\u00e1s conocidos son el tetrahidrocannabinol (THC) y el cannabidiol (CBD). El [&hellip;]\" \/>\n<meta property=\"og:url\" content=\"https:\/\/puppetsgenetics.com\/es\/\" \/>\n<meta property=\"og:site_name\" content=\"Puppets Genetics\" \/>\n<meta property=\"article:modified_time\" content=\"2025-01-28T18:30:43+00:00\" \/>\n<meta property=\"og:image\" content=\"https:\/\/puppetsgenetics.com\/wp-content\/uploads\/2023\/01\/IMG-20230110-WA0026.jpg\" \/>\n\t<meta property=\"og:image:width\" content=\"1237\" \/>\n\t<meta property=\"og:image:height\" content=\"1600\" \/>\n\t<meta property=\"og:image:type\" content=\"image\/jpeg\" \/>\n<meta name=\"twitter:card\" content=\"summary_large_image\" \/>\n<meta name=\"twitter:image\" content=\"https:\/\/puppetsgenetics.com\/wp-content\/uploads\/2023\/01\/IMG-20230110-WA0026.jpg\" \/>\n<meta name=\"twitter:label1\" content=\"Tiempo de lectura\" \/>\n\t<meta name=\"twitter:data1\" content=\"2 minutos\" \/>\n<script type=\"application\/ld+json\" class=\"yoast-schema-graph\">{\"@context\":\"https:\\\/\\\/schema.org\",\"@graph\":[{\"@type\":\"WebPage\",\"@id\":\"https:\\\/\\\/puppetsgenetics.com\\\/es\\\/\",\"url\":\"https:\\\/\\\/puppetsgenetics.com\\\/es\\\/\",\"name\":\"Puppets Genetics\",\"isPartOf\":{\"@id\":\"https:\\\/\\\/puppetsgenetics.com\\\/es\\\/#website\"},\"primaryImageOfPage\":{\"@id\":\"https:\\\/\\\/puppetsgenetics.com\\\/es\\\/#primaryimage\"},\"image\":{\"@id\":\"https:\\\/\\\/puppetsgenetics.com\\\/es\\\/#primaryimage\"},\"thumbnailUrl\":\"https:\\\/\\\/puppetsgenetics.com\\\/wp-content\\\/uploads\\\/2024\\\/03\\\/3-Lineas-redondeado.png\",\"datePublished\":\"2023-01-09T15:34:05+00:00\",\"dateModified\":\"2025-01-28T18:30:43+00:00\",\"breadcrumb\":{\"@id\":\"https:\\\/\\\/puppetsgenetics.com\\\/es\\\/#breadcrumb\"},\"inLanguage\":\"es\",\"potentialAction\":[{\"@type\":\"ReadAction\",\"target\":[\"https:\\\/\\\/puppetsgenetics.com\\\/es\\\/\"]}]},{\"@type\":\"ImageObject\",\"inLanguage\":\"es\",\"@id\":\"https:\\\/\\\/puppetsgenetics.com\\\/es\\\/#primaryimage\",\"url\":\"https:\\\/\\\/puppetsgenetics.com\\\/wp-content\\\/uploads\\\/2024\\\/03\\\/3-Lineas-redondeado.png\",\"contentUrl\":\"https:\\\/\\\/puppetsgenetics.com\\\/wp-content\\\/uploads\\\/2024\\\/03\\\/3-Lineas-redondeado.png\"},{\"@type\":\"BreadcrumbList\",\"@id\":\"https:\\\/\\\/puppetsgenetics.com\\\/es\\\/#breadcrumb\",\"itemListElement\":[{\"@type\":\"ListItem\",\"position\":1,\"name\":\"Home\",\"item\":\"https:\\\/\\\/puppetsgenetics.com\\\/es\\\/\"},{\"@type\":\"ListItem\",\"position\":2,\"name\":\"Inicio\"}]},{\"@type\":\"WebSite\",\"@id\":\"https:\\\/\\\/puppetsgenetics.com\\\/es\\\/#website\",\"url\":\"https:\\\/\\\/puppetsgenetics.com\\\/es\\\/\",\"name\":\"PuppetsGenetics.com\",\"description\":\"Best Cannabis Genetics\",\"publisher\":{\"@id\":\"https:\\\/\\\/puppetsgenetics.com\\\/es\\\/#organization\"},\"alternateName\":\"PuppetsG\",\"potentialAction\":[{\"@type\":\"SearchAction\",\"target\":{\"@type\":\"EntryPoint\",\"urlTemplate\":\"https:\\\/\\\/puppetsgenetics.com\\\/es\\\/?s={search_term_string}\"},\"query-input\":{\"@type\":\"PropertyValueSpecification\",\"valueRequired\":true,\"valueName\":\"search_term_string\"}}],\"inLanguage\":\"es\"},{\"@type\":\"Organization\",\"@id\":\"https:\\\/\\\/puppetsgenetics.com\\\/es\\\/#organization\",\"name\":\"Puppets Genetics\",\"alternateName\":\"PuppetsG\",\"url\":\"https:\\\/\\\/puppetsgenetics.com\\\/es\\\/\",\"logo\":{\"@type\":\"ImageObject\",\"inLanguage\":\"es\",\"@id\":\"https:\\\/\\\/puppetsgenetics.com\\\/es\\\/#\\\/schema\\\/logo\\\/image\\\/\",\"url\":\"https:\\\/\\\/puppetsgenetics.com\\\/wp-content\\\/uploads\\\/2024\\\/04\\\/Puppets-Logo-1.png\",\"contentUrl\":\"https:\\\/\\\/puppetsgenetics.com\\\/wp-content\\\/uploads\\\/2024\\\/04\\\/Puppets-Logo-1.png\",\"width\":1280,\"height\":1242,\"caption\":\"Puppets Genetics\"},\"image\":{\"@id\":\"https:\\\/\\\/puppetsgenetics.com\\\/es\\\/#\\\/schema\\\/logo\\\/image\\\/\"},\"sameAs\":[\"https:\\\/\\\/www.instagram.com\\\/puppetsgenetics\\\/\"]}]}<\/script>\n<!-- \/ Yoast SEO plugin. -->","yoast_head_json":{"title":"Puppets Genetics","robots":{"index":"index","follow":"follow","max-snippet":"max-snippet:-1","max-image-preview":"max-image-preview:large","max-video-preview":"max-video-preview:-1"},"canonical":"https:\/\/puppetsgenetics.com\/es\/","og_locale":"es_ES","og_type":"article","og_title":"Puppets Genetics","og_description":"Semillas regulares Informaci\u00f3n sobre el cannabis El cannabis es una planta que se ha utilizado con fines medicinales y recreativos durante miles de a\u00f1os. Contiene m\u00e1s de 100 compuestos, conocidos como cannabinoides, que interact\u00faan con el sistema endocannabinoide del cuerpo humano. Los dos cannabinoides m\u00e1s conocidos son el tetrahidrocannabinol (THC) y el cannabidiol (CBD). El [&hellip;]","og_url":"https:\/\/puppetsgenetics.com\/es\/","og_site_name":"Puppets Genetics","article_modified_time":"2025-01-28T18:30:43+00:00","og_image":[{"width":1237,"height":1600,"url":"https:\/\/puppetsgenetics.com\/wp-content\/uploads\/2023\/01\/IMG-20230110-WA0026.jpg","type":"image\/jpeg"}],"twitter_card":"summary_large_image","twitter_image":"https:\/\/puppetsgenetics.com\/wp-content\/uploads\/2023\/01\/IMG-20230110-WA0026.jpg","twitter_misc":{"Tiempo de lectura":"2 minutos"},"schema":{"@context":"https:\/\/schema.org","@graph":[{"@type":"WebPage","@id":"https:\/\/puppetsgenetics.com\/es\/","url":"https:\/\/puppetsgenetics.com\/es\/","name":"Puppets Genetics","isPartOf":{"@id":"https:\/\/puppetsgenetics.com\/es\/#website"},"primaryImageOfPage":{"@id":"https:\/\/puppetsgenetics.com\/es\/#primaryimage"},"image":{"@id":"https:\/\/puppetsgenetics.com\/es\/#primaryimage"},"thumbnailUrl":"https:\/\/puppetsgenetics.com\/wp-content\/uploads\/2024\/03\/3-Lineas-redondeado.png","datePublished":"2023-01-09T15:34:05+00:00","dateModified":"2025-01-28T18:30:43+00:00","breadcrumb":{"@id":"https:\/\/puppetsgenetics.com\/es\/#breadcrumb"},"inLanguage":"es","potentialAction":[{"@type":"ReadAction","target":["https:\/\/puppetsgenetics.com\/es\/"]}]},{"@type":"ImageObject","inLanguage":"es","@id":"https:\/\/puppetsgenetics.com\/es\/#primaryimage","url":"https:\/\/puppetsgenetics.com\/wp-content\/uploads\/2024\/03\/3-Lineas-redondeado.png","contentUrl":"https:\/\/puppetsgenetics.com\/wp-content\/uploads\/2024\/03\/3-Lineas-redondeado.png"},{"@type":"BreadcrumbList","@id":"https:\/\/puppetsgenetics.com\/es\/#breadcrumb","itemListElement":[{"@type":"ListItem","position":1,"name":"Home","item":"https:\/\/puppetsgenetics.com\/es\/"},{"@type":"ListItem","position":2,"name":"Inicio"}]},{"@type":"WebSite","@id":"https:\/\/puppetsgenetics.com\/es\/#website","url":"https:\/\/puppetsgenetics.com\/es\/","name":"PuppetsGenetics.com","description":"Best Cannabis Genetics","publisher":{"@id":"https:\/\/puppetsgenetics.com\/es\/#organization"},"alternateName":"PuppetsG","potentialAction":[{"@type":"SearchAction","target":{"@type":"EntryPoint","urlTemplate":"https:\/\/puppetsgenetics.com\/es\/?s={search_term_string}"},"query-input":{"@type":"PropertyValueSpecification","valueRequired":true,"valueName":"search_term_string"}}],"inLanguage":"es"},{"@type":"Organization","@id":"https:\/\/puppetsgenetics.com\/es\/#organization","name":"Puppets Genetics","alternateName":"PuppetsG","url":"https:\/\/puppetsgenetics.com\/es\/","logo":{"@type":"ImageObject","inLanguage":"es","@id":"https:\/\/puppetsgenetics.com\/es\/#\/schema\/logo\/image\/","url":"https:\/\/puppetsgenetics.com\/wp-content\/uploads\/2024\/04\/Puppets-Logo-1.png","contentUrl":"https:\/\/puppetsgenetics.com\/wp-content\/uploads\/2024\/04\/Puppets-Logo-1.png","width":1280,"height":1242,"caption":"Puppets Genetics"},"image":{"@id":"https:\/\/puppetsgenetics.com\/es\/#\/schema\/logo\/image\/"},"sameAs":["https:\/\/www.instagram.com\/puppetsgenetics\/"]}]}},"_links":{"self":[{"href":"https:\/\/puppetsgenetics.com\/es\/wp-json\/wp\/v2\/pages\/76","targetHints":{"allow":["GET"]}}],"collection":[{"href":"https:\/\/puppetsgenetics.com\/es\/wp-json\/wp\/v2\/pages"}],"about":[{"href":"https:\/\/puppetsgenetics.com\/es\/wp-json\/wp\/v2\/types\/page"}],"author":[{"embeddable":true,"href":"https:\/\/puppetsgenetics.com\/es\/wp-json\/wp\/v2\/users\/1"}],"replies":[{"embeddable":true,"href":"https:\/\/puppetsgenetics.com\/es\/wp-json\/wp\/v2\/comments?post=76"}],"version-history":[{"count":26,"href":"https:\/\/puppetsgenetics.com\/es\/wp-json\/wp\/v2\/pages\/76\/revisions"}],"predecessor-version":[{"id":1123,"href":"https:\/\/puppetsgenetics.com\/es\/wp-json\/wp\/v2\/pages\/76\/revisions\/1123"}],"wp:attachment":[{"href":"https:\/\/puppetsgenetics.com\/es\/wp-json\/wp\/v2\/media?parent=76"}],"curies":[{"name":"wp","href":"https:\/\/api.w.org\/{rel}","templated":true}]}}