{"id":797,"date":"2024-04-15T18:15:39","date_gmt":"2024-04-15T16:15:39","guid":{"rendered":"https:\/\/puppetsgenetics.com\/?page_id=797"},"modified":"2024-04-16T00:07:00","modified_gmt":"2024-04-15T22:07:00","slug":"spannabis","status":"publish","type":"page","link":"https:\/\/puppetsgenetics.com\/es\/spannabis\/","title":{"rendered":"Spannabis"},"content":{"rendered":"\n<p>Nos enorgullece compartir nuestra reciente participaci\u00f3n en Spannabis Barcelona 2024, uno de los eventos m\u00e1s destacados en el mundo del cannabis. Durante la feria, presentamos una innovaci\u00f3n que est\u00e1 revolucionando la industria: \u00a1semillas germinadas in vitro!<\/p>\n\n\n\n<div style=\"height:50px\" aria-hidden=\"true\" class=\"wp-block-spacer\"><\/div>\n\n\n\n<p class=\"has-medium-font-size\"><strong>\u00bfQu\u00e9 son las semillas germinadas in vitro?<\/strong><\/p>\n\n\n\n<p>Las semillas germinadas in vitro son un avance tecnol\u00f3gico que permite un control preciso del proceso de germinaci\u00f3n de las semillas en un entorno de laboratorio est\u00e9ril. Esto garantiza una germinaci\u00f3n uniforme, eliminando la posibilidad de contaminaci\u00f3n y aumentando la tasa de \u00e9xito en el cultivo. Tambi\u00e9n permite realizar un estudio de germinaci\u00f3n y limpieza de pat\u00f3genos que certifica la calidad y buena salud de las semillas.<\/p>\n\n\n\n<div style=\"height:50px\" aria-hidden=\"true\" class=\"wp-block-spacer\"><\/div>\n\n\n\n<p class=\"has-medium-font-size\"><strong>Expositor de Semillas Germinadas In Vitro<\/strong><\/p>\n\n\n\n<p>Durante Spannabis, el expositor de semillas germinadas in vitro creado por I.D.A.C &amp; Gasteizdropseeds atrajo la atenci\u00f3n de los asistentes y medios de comunicaci\u00f3n por igual. Nuestro equipo estuvo presente para demostrar el proceso y los beneficios de esta innovadora t\u00e9cnica, y estamos orgullosos de haber sido pioneros en su presentaci\u00f3n a nivel mundial.<\/p>\n\n\n\n<div style=\"height:50px\" aria-hidden=\"true\" class=\"wp-block-spacer\"><\/div>\n\n\n\n<p class=\"has-text-align-center has-large-font-size\"><strong>Im\u00e1genes de la Feria<\/strong><\/p>\n\n\n\n<figure class=\"wp-block-gallery has-nested-images columns-default is-cropped wp-block-gallery-1 is-layout-flex wp-block-gallery-is-layout-flex\">\n<figure class=\"wp-block-image size-large is-style-default\"><img loading=\"lazy\" decoding=\"async\" width=\"1920\" height=\"1080\" data-id=\"849\" src=\"https:\/\/puppetsgenetics.com\/wp-content\/uploads\/2024\/04\/mosaic-spannabis-final-1920x1080.png\" alt=\"\" class=\"wp-image-849\" srcset=\"https:\/\/puppetsgenetics.com\/wp-content\/uploads\/2024\/04\/mosaic-spannabis-final-1920x1080.png 1920w, https:\/\/puppetsgenetics.com\/wp-content\/uploads\/2024\/04\/mosaic-spannabis-final-600x338.png 600w, https:\/\/puppetsgenetics.com\/wp-content\/uploads\/2024\/04\/mosaic-spannabis-final-300x169.png 300w, https:\/\/puppetsgenetics.com\/wp-content\/uploads\/2024\/04\/mosaic-spannabis-final-768x432.png 768w, https:\/\/puppetsgenetics.com\/wp-content\/uploads\/2024\/04\/mosaic-spannabis-final-1536x864.png 1536w, https:\/\/puppetsgenetics.com\/wp-content\/uploads\/2024\/04\/mosaic-spannabis-final-2048x1152.png 2048w, https:\/\/puppetsgenetics.com\/wp-content\/uploads\/2024\/04\/mosaic-spannabis-final-416x234.png 416w\" sizes=\"auto, (max-width: 1920px) 100vw, 1920px\" \/><\/figure>\n<\/figure>\n\n\n\n<div style=\"height:38px\" aria-hidden=\"true\" class=\"wp-block-spacer\"><\/div>\n\n\n\n<div class=\"wp-block-group alignwide is-content-justification-center is-nowrap is-layout-flex wp-container-core-group-is-layout-23441af8 wp-block-group-is-layout-flex\">\n<figure class=\"wp-block-video wp-container-content-e0b89f81\"><video height=\"610\" style=\"aspect-ratio: 366 \/ 610;\" width=\"366\" autoplay loop src=\"https:\/\/puppetsgenetics.com\/wp-content\/uploads\/2024\/04\/video-expositor-1-1.mp4\"><\/video><\/figure>\n\n\n\n<figure class=\"wp-block-video wp-container-content-e0b89f81\"><video height=\"610\" style=\"aspect-ratio: 366 \/ 610;\" width=\"366\" autoplay loop src=\"https:\/\/puppetsgenetics.com\/wp-content\/uploads\/2024\/04\/video-expositor-2-1.mp4\"><\/video><\/figure>\n<\/div>\n\n\n\n<div style=\"height:50px\" aria-hidden=\"true\" class=\"wp-block-spacer\"><\/div>\n\n\n\n<p>En Puppets Genetics, seguimos comprometidos con la innovaci\u00f3n y la excelencia en el mundo del cannabis. Si deseas conocer m\u00e1s sobre nuestras semillas germinadas in vitro o nuestra colaboraci\u00f3n con I.D.A.C &amp; Gasteizdropseeds y su formaci\u00f3n en el cultivo de tejidos, no dudes en contactarnos.<\/p>\n\n\n\n<div class=\"wp-block-buttons is-layout-flex wp-block-buttons-is-layout-flex\">\n<div class=\"wp-block-button\"><a class=\"wp-block-button__link wp-element-button\" href=\"https:\/\/puppetsgenetics.com\/es\/contacto\/\">Contacto<\/a><\/div>\n<\/div>\n","protected":false},"excerpt":{"rendered":"<p>Nos enorgullece compartir nuestra reciente participaci\u00f3n en Spannabis Barcelona 2024, uno de los eventos m\u00e1s destacados en el mundo del cannabis. Durante la feria, presentamos una innovaci\u00f3n que est\u00e1 revolucionando la industria: \u00a1semillas germinadas in vitro! \u00bfQu\u00e9 son las semillas germinadas in vitro? Las semillas germinadas in vitro son un avance tecnol\u00f3gico que permite un [&hellip;]<\/p>\n","protected":false},"author":2,"featured_media":0,"parent":0,"menu_order":0,"comment_status":"closed","ping_status":"closed","template":"","meta":{"footnotes":""},"class_list":["post-797","page","type-page","status-publish","hentry"],"yoast_head":"<!-- This site is optimized with the Yoast SEO plugin v27.5 - https:\/\/yoast.com\/product\/yoast-seo-wordpress\/ -->\n<title>Spannabis | Best Cannabis Genetics<\/title>\n<meta name=\"robots\" content=\"index, follow, max-snippet:-1, max-image-preview:large, max-video-preview:-1\" \/>\n<link rel=\"canonical\" href=\"https:\/\/puppetsgenetics.com\/es\/spannabis\/\" \/>\n<meta property=\"og:locale\" content=\"es_ES\" \/>\n<meta property=\"og:type\" content=\"article\" \/>\n<meta property=\"og:title\" content=\"Spannabis | Best Cannabis Genetics\" \/>\n<meta property=\"og:description\" content=\"Nos enorgullece compartir nuestra reciente participaci\u00f3n en Spannabis Barcelona 2024, uno de los eventos m\u00e1s destacados en el mundo del cannabis. Durante la feria, presentamos una innovaci\u00f3n que est\u00e1 revolucionando la industria: \u00a1semillas germinadas in vitro! \u00bfQu\u00e9 son las semillas germinadas in vitro? Las semillas germinadas in vitro son un avance tecnol\u00f3gico que permite un [&hellip;]\" \/>\n<meta property=\"og:url\" content=\"https:\/\/puppetsgenetics.com\/es\/spannabis\/\" \/>\n<meta property=\"og:site_name\" content=\"Puppets Genetics\" \/>\n<meta property=\"article:modified_time\" content=\"2024-04-15T22:07:00+00:00\" \/>\n<meta property=\"og:image\" content=\"https:\/\/puppetsgenetics.com\/wp-content\/uploads\/2024\/04\/mosaic-spannabis-final-1920x1080.png\" \/>\n<meta name=\"twitter:card\" content=\"summary_large_image\" \/>\n<meta name=\"twitter:label1\" content=\"Tiempo de lectura\" \/>\n\t<meta name=\"twitter:data1\" content=\"2 minutos\" \/>\n<script type=\"application\/ld+json\" class=\"yoast-schema-graph\">{\"@context\":\"https:\\\/\\\/schema.org\",\"@graph\":[{\"@type\":\"WebPage\",\"@id\":\"https:\\\/\\\/puppetsgenetics.com\\\/es\\\/spannabis\\\/\",\"url\":\"https:\\\/\\\/puppetsgenetics.com\\\/es\\\/spannabis\\\/\",\"name\":\"Spannabis | Best Cannabis Genetics\",\"isPartOf\":{\"@id\":\"https:\\\/\\\/puppetsgenetics.com\\\/es\\\/#website\"},\"primaryImageOfPage\":{\"@id\":\"https:\\\/\\\/puppetsgenetics.com\\\/es\\\/spannabis\\\/#primaryimage\"},\"image\":{\"@id\":\"https:\\\/\\\/puppetsgenetics.com\\\/es\\\/spannabis\\\/#primaryimage\"},\"thumbnailUrl\":\"https:\\\/\\\/puppetsgenetics.com\\\/wp-content\\\/uploads\\\/2024\\\/04\\\/mosaic-spannabis-final-1920x1080.png\",\"datePublished\":\"2024-04-15T16:15:39+00:00\",\"dateModified\":\"2024-04-15T22:07:00+00:00\",\"breadcrumb\":{\"@id\":\"https:\\\/\\\/puppetsgenetics.com\\\/es\\\/spannabis\\\/#breadcrumb\"},\"inLanguage\":\"es\",\"potentialAction\":[{\"@type\":\"ReadAction\",\"target\":[\"https:\\\/\\\/puppetsgenetics.com\\\/es\\\/spannabis\\\/\"]}]},{\"@type\":\"ImageObject\",\"inLanguage\":\"es\",\"@id\":\"https:\\\/\\\/puppetsgenetics.com\\\/es\\\/spannabis\\\/#primaryimage\",\"url\":\"https:\\\/\\\/puppetsgenetics.com\\\/wp-content\\\/uploads\\\/2024\\\/04\\\/mosaic-spannabis-final-1920x1080.png\",\"contentUrl\":\"https:\\\/\\\/puppetsgenetics.com\\\/wp-content\\\/uploads\\\/2024\\\/04\\\/mosaic-spannabis-final-1920x1080.png\"},{\"@type\":\"BreadcrumbList\",\"@id\":\"https:\\\/\\\/puppetsgenetics.com\\\/es\\\/spannabis\\\/#breadcrumb\",\"itemListElement\":[{\"@type\":\"ListItem\",\"position\":1,\"name\":\"Home\",\"item\":\"https:\\\/\\\/puppetsgenetics.com\\\/es\\\/\"},{\"@type\":\"ListItem\",\"position\":2,\"name\":\"Spannabis\"}]},{\"@type\":\"WebSite\",\"@id\":\"https:\\\/\\\/puppetsgenetics.com\\\/es\\\/#website\",\"url\":\"https:\\\/\\\/puppetsgenetics.com\\\/es\\\/\",\"name\":\"PuppetsGenetics.com\",\"description\":\"Best Cannabis Genetics\",\"publisher\":{\"@id\":\"https:\\\/\\\/puppetsgenetics.com\\\/es\\\/#organization\"},\"alternateName\":\"PuppetsG\",\"potentialAction\":[{\"@type\":\"SearchAction\",\"target\":{\"@type\":\"EntryPoint\",\"urlTemplate\":\"https:\\\/\\\/puppetsgenetics.com\\\/es\\\/?s={search_term_string}\"},\"query-input\":{\"@type\":\"PropertyValueSpecification\",\"valueRequired\":true,\"valueName\":\"search_term_string\"}}],\"inLanguage\":\"es\"},{\"@type\":\"Organization\",\"@id\":\"https:\\\/\\\/puppetsgenetics.com\\\/es\\\/#organization\",\"name\":\"Puppets Genetics\",\"alternateName\":\"PuppetsG\",\"url\":\"https:\\\/\\\/puppetsgenetics.com\\\/es\\\/\",\"logo\":{\"@type\":\"ImageObject\",\"inLanguage\":\"es\",\"@id\":\"https:\\\/\\\/puppetsgenetics.com\\\/es\\\/#\\\/schema\\\/logo\\\/image\\\/\",\"url\":\"https:\\\/\\\/puppetsgenetics.com\\\/wp-content\\\/uploads\\\/2024\\\/04\\\/Puppets-Logo-1.png\",\"contentUrl\":\"https:\\\/\\\/puppetsgenetics.com\\\/wp-content\\\/uploads\\\/2024\\\/04\\\/Puppets-Logo-1.png\",\"width\":1280,\"height\":1242,\"caption\":\"Puppets Genetics\"},\"image\":{\"@id\":\"https:\\\/\\\/puppetsgenetics.com\\\/es\\\/#\\\/schema\\\/logo\\\/image\\\/\"},\"sameAs\":[\"https:\\\/\\\/www.instagram.com\\\/puppetsgenetics\\\/\"]}]}<\/script>\n<!-- \/ Yoast SEO plugin. -->","yoast_head_json":{"title":"Spannabis | Best Cannabis Genetics","robots":{"index":"index","follow":"follow","max-snippet":"max-snippet:-1","max-image-preview":"max-image-preview:large","max-video-preview":"max-video-preview:-1"},"canonical":"https:\/\/puppetsgenetics.com\/es\/spannabis\/","og_locale":"es_ES","og_type":"article","og_title":"Spannabis | Best Cannabis Genetics","og_description":"Nos enorgullece compartir nuestra reciente participaci\u00f3n en Spannabis Barcelona 2024, uno de los eventos m\u00e1s destacados en el mundo del cannabis. Durante la feria, presentamos una innovaci\u00f3n que est\u00e1 revolucionando la industria: \u00a1semillas germinadas in vitro! \u00bfQu\u00e9 son las semillas germinadas in vitro? Las semillas germinadas in vitro son un avance tecnol\u00f3gico que permite un [&hellip;]","og_url":"https:\/\/puppetsgenetics.com\/es\/spannabis\/","og_site_name":"Puppets Genetics","article_modified_time":"2024-04-15T22:07:00+00:00","og_image":[{"url":"https:\/\/puppetsgenetics.com\/wp-content\/uploads\/2024\/04\/mosaic-spannabis-final-1920x1080.png","type":"","width":"","height":""}],"twitter_card":"summary_large_image","twitter_misc":{"Tiempo de lectura":"2 minutos"},"schema":{"@context":"https:\/\/schema.org","@graph":[{"@type":"WebPage","@id":"https:\/\/puppetsgenetics.com\/es\/spannabis\/","url":"https:\/\/puppetsgenetics.com\/es\/spannabis\/","name":"Spannabis | Best Cannabis Genetics","isPartOf":{"@id":"https:\/\/puppetsgenetics.com\/es\/#website"},"primaryImageOfPage":{"@id":"https:\/\/puppetsgenetics.com\/es\/spannabis\/#primaryimage"},"image":{"@id":"https:\/\/puppetsgenetics.com\/es\/spannabis\/#primaryimage"},"thumbnailUrl":"https:\/\/puppetsgenetics.com\/wp-content\/uploads\/2024\/04\/mosaic-spannabis-final-1920x1080.png","datePublished":"2024-04-15T16:15:39+00:00","dateModified":"2024-04-15T22:07:00+00:00","breadcrumb":{"@id":"https:\/\/puppetsgenetics.com\/es\/spannabis\/#breadcrumb"},"inLanguage":"es","potentialAction":[{"@type":"ReadAction","target":["https:\/\/puppetsgenetics.com\/es\/spannabis\/"]}]},{"@type":"ImageObject","inLanguage":"es","@id":"https:\/\/puppetsgenetics.com\/es\/spannabis\/#primaryimage","url":"https:\/\/puppetsgenetics.com\/wp-content\/uploads\/2024\/04\/mosaic-spannabis-final-1920x1080.png","contentUrl":"https:\/\/puppetsgenetics.com\/wp-content\/uploads\/2024\/04\/mosaic-spannabis-final-1920x1080.png"},{"@type":"BreadcrumbList","@id":"https:\/\/puppetsgenetics.com\/es\/spannabis\/#breadcrumb","itemListElement":[{"@type":"ListItem","position":1,"name":"Home","item":"https:\/\/puppetsgenetics.com\/es\/"},{"@type":"ListItem","position":2,"name":"Spannabis"}]},{"@type":"WebSite","@id":"https:\/\/puppetsgenetics.com\/es\/#website","url":"https:\/\/puppetsgenetics.com\/es\/","name":"PuppetsGenetics.com","description":"Best Cannabis Genetics","publisher":{"@id":"https:\/\/puppetsgenetics.com\/es\/#organization"},"alternateName":"PuppetsG","potentialAction":[{"@type":"SearchAction","target":{"@type":"EntryPoint","urlTemplate":"https:\/\/puppetsgenetics.com\/es\/?s={search_term_string}"},"query-input":{"@type":"PropertyValueSpecification","valueRequired":true,"valueName":"search_term_string"}}],"inLanguage":"es"},{"@type":"Organization","@id":"https:\/\/puppetsgenetics.com\/es\/#organization","name":"Puppets Genetics","alternateName":"PuppetsG","url":"https:\/\/puppetsgenetics.com\/es\/","logo":{"@type":"ImageObject","inLanguage":"es","@id":"https:\/\/puppetsgenetics.com\/es\/#\/schema\/logo\/image\/","url":"https:\/\/puppetsgenetics.com\/wp-content\/uploads\/2024\/04\/Puppets-Logo-1.png","contentUrl":"https:\/\/puppetsgenetics.com\/wp-content\/uploads\/2024\/04\/Puppets-Logo-1.png","width":1280,"height":1242,"caption":"Puppets Genetics"},"image":{"@id":"https:\/\/puppetsgenetics.com\/es\/#\/schema\/logo\/image\/"},"sameAs":["https:\/\/www.instagram.com\/puppetsgenetics\/"]}]}},"_links":{"self":[{"href":"https:\/\/puppetsgenetics.com\/es\/wp-json\/wp\/v2\/pages\/797","targetHints":{"allow":["GET"]}}],"collection":[{"href":"https:\/\/puppetsgenetics.com\/es\/wp-json\/wp\/v2\/pages"}],"about":[{"href":"https:\/\/puppetsgenetics.com\/es\/wp-json\/wp\/v2\/types\/page"}],"author":[{"embeddable":true,"href":"https:\/\/puppetsgenetics.com\/es\/wp-json\/wp\/v2\/users\/2"}],"replies":[{"embeddable":true,"href":"https:\/\/puppetsgenetics.com\/es\/wp-json\/wp\/v2\/comments?post=797"}],"version-history":[{"count":32,"href":"https:\/\/puppetsgenetics.com\/es\/wp-json\/wp\/v2\/pages\/797\/revisions"}],"predecessor-version":[{"id":959,"href":"https:\/\/puppetsgenetics.com\/es\/wp-json\/wp\/v2\/pages\/797\/revisions\/959"}],"wp:attachment":[{"href":"https:\/\/puppetsgenetics.com\/es\/wp-json\/wp\/v2\/media?parent=797"}],"curies":[{"name":"wp","href":"https:\/\/api.w.org\/{rel}","templated":true}]}}