{"id":332,"date":"2023-01-23T12:44:46","date_gmt":"2023-01-23T11:44:46","guid":{"rendered":"https:\/\/puppetsgenetics-klnl9w7swk.live-website.com\/product\/fatslim-cake-2\/"},"modified":"2023-05-03T12:39:50","modified_gmt":"2023-05-03T10:39:50","slug":"fatslim-cake","status":"publish","type":"product","link":"https:\/\/puppetsgenetics.com\/es\/producto\/fatslim-cake\/","title":{"rendered":"Fatslim Cake"},"content":{"rendered":"<p>Increible cruce con dominancia Gelato. Los efectos de esta variedad son un subid\u00f3n mental y corporal que te dejar\u00e1 feliz en el sof\u00e1. De este vigoroso h\u00edbrido obtendr\u00e1s excelentes plantas de interior\/exterior que producir\u00e1n una abundante cosecha de flores p\u00farpuras muy resinosas con sabores a mantequilla, bayas y uva.<\/p>\n","protected":false},"excerpt":{"rendered":"<p>Cruce: (Pancakes x Jealousy) x Mac Stomper<br \/>\nTiempo de Floraci\u00f3n: 8-10 semanas<br \/>\nRendimiento: Alto<\/p>\n<p>15 semillas por paquete<\/p>\n","protected":false},"featured_media":661,"template":"","meta":[],"product_brand":[],"product_cat":[32],"product_tag":[],"class_list":{"0":"post-332","1":"product","2":"type-product","3":"status-publish","4":"has-post-thumbnail","6":"product_cat-regulares","8":"first","9":"instock","10":"shipping-taxable","11":"purchasable","12":"product-type-simple"},"yoast_head":"<!-- This site is optimized with the Yoast SEO plugin v27.5 - https:\/\/yoast.com\/product\/yoast-seo-wordpress\/ -->\n<title>Fatslim Cake | Puppets Genetics<\/title>\n<meta name=\"robots\" content=\"index, follow, max-snippet:-1, max-image-preview:large, max-video-preview:-1\" \/>\n<link rel=\"canonical\" href=\"https:\/\/puppetsgenetics.com\/es\/producto\/fatslim-cake\/\" \/>\n<meta property=\"og:locale\" content=\"es_ES\" \/>\n<meta property=\"og:type\" content=\"article\" \/>\n<meta property=\"og:title\" content=\"Fatslim Cake | Puppets Genetics\" \/>\n<meta property=\"og:description\" content=\"Cruce: (Pancakes x Jealousy) x Mac Stomper Tiempo de Floraci\u00f3n: 8-10 semanas Rendimiento: Alto  15 semillas por paquete\" \/>\n<meta property=\"og:url\" content=\"https:\/\/puppetsgenetics.com\/es\/producto\/fatslim-cake\/\" \/>\n<meta property=\"og:site_name\" content=\"Puppets Genetics\" \/>\n<meta property=\"article:modified_time\" content=\"2023-05-03T10:39:50+00:00\" \/>\n<meta property=\"og:image\" content=\"https:\/\/puppetsgenetics.com\/wp-content\/uploads\/2023\/01\/MacPancake-Web2.png\" \/>\n\t<meta property=\"og:image:width\" content=\"1080\" \/>\n\t<meta property=\"og:image:height\" content=\"1080\" \/>\n\t<meta property=\"og:image:type\" content=\"image\/png\" \/>\n<meta name=\"twitter:card\" content=\"summary_large_image\" \/>\n<meta name=\"twitter:label1\" content=\"Tiempo de lectura\" \/>\n\t<meta name=\"twitter:data1\" content=\"1 minuto\" \/>\n<script type=\"application\/ld+json\" class=\"yoast-schema-graph\">{\"@context\":\"https:\\\/\\\/schema.org\",\"@graph\":[{\"@type\":\"WebPage\",\"@id\":\"https:\\\/\\\/puppetsgenetics.com\\\/es\\\/producto\\\/fatslim-cake\\\/\",\"url\":\"https:\\\/\\\/puppetsgenetics.com\\\/es\\\/producto\\\/fatslim-cake\\\/\",\"name\":\"Fatslim Cake | Puppets Genetics\",\"isPartOf\":{\"@id\":\"https:\\\/\\\/puppetsgenetics.com\\\/es\\\/#website\"},\"primaryImageOfPage\":{\"@id\":\"https:\\\/\\\/puppetsgenetics.com\\\/es\\\/producto\\\/fatslim-cake\\\/#primaryimage\"},\"image\":{\"@id\":\"https:\\\/\\\/puppetsgenetics.com\\\/es\\\/producto\\\/fatslim-cake\\\/#primaryimage\"},\"thumbnailUrl\":\"https:\\\/\\\/puppetsgenetics.com\\\/wp-content\\\/uploads\\\/2023\\\/11\\\/Fatslim-triwork.png\",\"datePublished\":\"2023-01-23T11:44:46+00:00\",\"dateModified\":\"2023-05-03T10:39:50+00:00\",\"breadcrumb\":{\"@id\":\"https:\\\/\\\/puppetsgenetics.com\\\/es\\\/producto\\\/fatslim-cake\\\/#breadcrumb\"},\"inLanguage\":\"es\",\"potentialAction\":[{\"@type\":\"ReadAction\",\"target\":[\"https:\\\/\\\/puppetsgenetics.com\\\/es\\\/producto\\\/fatslim-cake\\\/\"]}]},{\"@type\":\"ImageObject\",\"inLanguage\":\"es\",\"@id\":\"https:\\\/\\\/puppetsgenetics.com\\\/es\\\/producto\\\/fatslim-cake\\\/#primaryimage\",\"url\":\"https:\\\/\\\/puppetsgenetics.com\\\/wp-content\\\/uploads\\\/2023\\\/11\\\/Fatslim-triwork.png\",\"contentUrl\":\"https:\\\/\\\/puppetsgenetics.com\\\/wp-content\\\/uploads\\\/2023\\\/11\\\/Fatslim-triwork.png\",\"width\":1080,\"height\":1080},{\"@type\":\"BreadcrumbList\",\"@id\":\"https:\\\/\\\/puppetsgenetics.com\\\/es\\\/producto\\\/fatslim-cake\\\/#breadcrumb\",\"itemListElement\":[{\"@type\":\"ListItem\",\"position\":1,\"name\":\"Home\",\"item\":\"https:\\\/\\\/puppetsgenetics.com\\\/es\\\/\"},{\"@type\":\"ListItem\",\"position\":2,\"name\":\"Tienda\",\"item\":\"https:\\\/\\\/puppetsgenetics.com\\\/es\\\/tienda\\\/\"},{\"@type\":\"ListItem\",\"position\":3,\"name\":\"Fatslim Cake\"}]},{\"@type\":\"WebSite\",\"@id\":\"https:\\\/\\\/puppetsgenetics.com\\\/es\\\/#website\",\"url\":\"https:\\\/\\\/puppetsgenetics.com\\\/es\\\/\",\"name\":\"PuppetsGenetics.com\",\"description\":\"Best Cannabis Genetics\",\"publisher\":{\"@id\":\"https:\\\/\\\/puppetsgenetics.com\\\/es\\\/#organization\"},\"alternateName\":\"PuppetsG\",\"potentialAction\":[{\"@type\":\"SearchAction\",\"target\":{\"@type\":\"EntryPoint\",\"urlTemplate\":\"https:\\\/\\\/puppetsgenetics.com\\\/es\\\/?s={search_term_string}\"},\"query-input\":{\"@type\":\"PropertyValueSpecification\",\"valueRequired\":true,\"valueName\":\"search_term_string\"}}],\"inLanguage\":\"es\"},{\"@type\":\"Organization\",\"@id\":\"https:\\\/\\\/puppetsgenetics.com\\\/es\\\/#organization\",\"name\":\"Puppets Genetics\",\"alternateName\":\"PuppetsG\",\"url\":\"https:\\\/\\\/puppetsgenetics.com\\\/es\\\/\",\"logo\":{\"@type\":\"ImageObject\",\"inLanguage\":\"es\",\"@id\":\"https:\\\/\\\/puppetsgenetics.com\\\/es\\\/#\\\/schema\\\/logo\\\/image\\\/\",\"url\":\"https:\\\/\\\/puppetsgenetics.com\\\/wp-content\\\/uploads\\\/2024\\\/04\\\/Puppets-Logo-1.png\",\"contentUrl\":\"https:\\\/\\\/puppetsgenetics.com\\\/wp-content\\\/uploads\\\/2024\\\/04\\\/Puppets-Logo-1.png\",\"width\":1280,\"height\":1242,\"caption\":\"Puppets Genetics\"},\"image\":{\"@id\":\"https:\\\/\\\/puppetsgenetics.com\\\/es\\\/#\\\/schema\\\/logo\\\/image\\\/\"},\"sameAs\":[\"https:\\\/\\\/www.instagram.com\\\/puppetsgenetics\\\/\"]}]}<\/script>\n<!-- \/ Yoast SEO plugin. -->","yoast_head_json":{"title":"Fatslim Cake | Puppets Genetics","robots":{"index":"index","follow":"follow","max-snippet":"max-snippet:-1","max-image-preview":"max-image-preview:large","max-video-preview":"max-video-preview:-1"},"canonical":"https:\/\/puppetsgenetics.com\/es\/producto\/fatslim-cake\/","og_locale":"es_ES","og_type":"article","og_title":"Fatslim Cake | Puppets Genetics","og_description":"Cruce: (Pancakes x Jealousy) x Mac Stomper Tiempo de Floraci\u00f3n: 8-10 semanas Rendimiento: Alto  15 semillas por paquete","og_url":"https:\/\/puppetsgenetics.com\/es\/producto\/fatslim-cake\/","og_site_name":"Puppets Genetics","article_modified_time":"2023-05-03T10:39:50+00:00","og_image":[{"width":1080,"height":1080,"url":"https:\/\/puppetsgenetics.com\/wp-content\/uploads\/2023\/01\/MacPancake-Web2.png","type":"image\/png"}],"twitter_card":"summary_large_image","twitter_misc":{"Tiempo de lectura":"1 minuto"},"schema":{"@context":"https:\/\/schema.org","@graph":[{"@type":"WebPage","@id":"https:\/\/puppetsgenetics.com\/es\/producto\/fatslim-cake\/","url":"https:\/\/puppetsgenetics.com\/es\/producto\/fatslim-cake\/","name":"Fatslim Cake | Puppets Genetics","isPartOf":{"@id":"https:\/\/puppetsgenetics.com\/es\/#website"},"primaryImageOfPage":{"@id":"https:\/\/puppetsgenetics.com\/es\/producto\/fatslim-cake\/#primaryimage"},"image":{"@id":"https:\/\/puppetsgenetics.com\/es\/producto\/fatslim-cake\/#primaryimage"},"thumbnailUrl":"https:\/\/puppetsgenetics.com\/wp-content\/uploads\/2023\/11\/Fatslim-triwork.png","datePublished":"2023-01-23T11:44:46+00:00","dateModified":"2023-05-03T10:39:50+00:00","breadcrumb":{"@id":"https:\/\/puppetsgenetics.com\/es\/producto\/fatslim-cake\/#breadcrumb"},"inLanguage":"es","potentialAction":[{"@type":"ReadAction","target":["https:\/\/puppetsgenetics.com\/es\/producto\/fatslim-cake\/"]}]},{"@type":"ImageObject","inLanguage":"es","@id":"https:\/\/puppetsgenetics.com\/es\/producto\/fatslim-cake\/#primaryimage","url":"https:\/\/puppetsgenetics.com\/wp-content\/uploads\/2023\/11\/Fatslim-triwork.png","contentUrl":"https:\/\/puppetsgenetics.com\/wp-content\/uploads\/2023\/11\/Fatslim-triwork.png","width":1080,"height":1080},{"@type":"BreadcrumbList","@id":"https:\/\/puppetsgenetics.com\/es\/producto\/fatslim-cake\/#breadcrumb","itemListElement":[{"@type":"ListItem","position":1,"name":"Home","item":"https:\/\/puppetsgenetics.com\/es\/"},{"@type":"ListItem","position":2,"name":"Tienda","item":"https:\/\/puppetsgenetics.com\/es\/tienda\/"},{"@type":"ListItem","position":3,"name":"Fatslim Cake"}]},{"@type":"WebSite","@id":"https:\/\/puppetsgenetics.com\/es\/#website","url":"https:\/\/puppetsgenetics.com\/es\/","name":"PuppetsGenetics.com","description":"Best Cannabis Genetics","publisher":{"@id":"https:\/\/puppetsgenetics.com\/es\/#organization"},"alternateName":"PuppetsG","potentialAction":[{"@type":"SearchAction","target":{"@type":"EntryPoint","urlTemplate":"https:\/\/puppetsgenetics.com\/es\/?s={search_term_string}"},"query-input":{"@type":"PropertyValueSpecification","valueRequired":true,"valueName":"search_term_string"}}],"inLanguage":"es"},{"@type":"Organization","@id":"https:\/\/puppetsgenetics.com\/es\/#organization","name":"Puppets Genetics","alternateName":"PuppetsG","url":"https:\/\/puppetsgenetics.com\/es\/","logo":{"@type":"ImageObject","inLanguage":"es","@id":"https:\/\/puppetsgenetics.com\/es\/#\/schema\/logo\/image\/","url":"https:\/\/puppetsgenetics.com\/wp-content\/uploads\/2024\/04\/Puppets-Logo-1.png","contentUrl":"https:\/\/puppetsgenetics.com\/wp-content\/uploads\/2024\/04\/Puppets-Logo-1.png","width":1280,"height":1242,"caption":"Puppets Genetics"},"image":{"@id":"https:\/\/puppetsgenetics.com\/es\/#\/schema\/logo\/image\/"},"sameAs":["https:\/\/www.instagram.com\/puppetsgenetics\/"]}]}},"_links":{"self":[{"href":"https:\/\/puppetsgenetics.com\/es\/wp-json\/wp\/v2\/product\/332","targetHints":{"allow":["GET"]}}],"collection":[{"href":"https:\/\/puppetsgenetics.com\/es\/wp-json\/wp\/v2\/product"}],"about":[{"href":"https:\/\/puppetsgenetics.com\/es\/wp-json\/wp\/v2\/types\/product"}],"wp:featuredmedia":[{"embeddable":true,"href":"https:\/\/puppetsgenetics.com\/es\/wp-json\/wp\/v2\/media\/661"}],"wp:attachment":[{"href":"https:\/\/puppetsgenetics.com\/es\/wp-json\/wp\/v2\/media?parent=332"}],"wp:term":[{"taxonomy":"product_brand","embeddable":true,"href":"https:\/\/puppetsgenetics.com\/es\/wp-json\/wp\/v2\/product_brand?post=332"},{"taxonomy":"product_cat","embeddable":true,"href":"https:\/\/puppetsgenetics.com\/es\/wp-json\/wp\/v2\/product_cat?post=332"},{"taxonomy":"product_tag","embeddable":true,"href":"https:\/\/puppetsgenetics.com\/es\/wp-json\/wp\/v2\/product_tag?post=332"}],"curies":[{"name":"wp","href":"https:\/\/api.w.org\/{rel}","templated":true}]}}