{"id":594,"date":"2023-11-19T21:04:16","date_gmt":"2023-11-19T20:04:16","guid":{"rendered":"https:\/\/puppetsgenetics.com\/?post_type=product&#038;p=594"},"modified":"2025-02-11T15:32:45","modified_gmt":"2025-02-11T14:32:45","slug":"punk-cake","status":"publish","type":"product","link":"https:\/\/puppetsgenetics.com\/es\/producto\/punk-cake\/","title":{"rendered":"Punk Cake"},"content":{"rendered":"<p>Planta ideal para todo tipo de cultivador, con un incre\u00edble vigor, distancia internodal media y una gran producci\u00f3n. Con este h\u00edbrido hemos conseguido reproducir el terpeno de la madre a\u00f1adiendo a su descendencia flores m\u00e1s compactas y resinosas gracias a la aportaci\u00f3n del padre. Si te gusta el sabor del London Pound Cake, \u00e9sta es tu elecci\u00f3n.<\/p>\n","protected":false},"excerpt":{"rendered":"<p>Cruce: (Pancakes x Jealousy) x Animal Mints Bx1<br \/>\nTiempo floraci\u00f3n: 8-9 semanas<br \/>\nRendimiento: Alto<\/p>\n<p>15 semillas por paquete<\/p>\n","protected":false},"featured_media":659,"template":"","meta":[],"product_brand":[],"product_cat":[32],"product_tag":[],"class_list":{"0":"post-594","1":"product","2":"type-product","3":"status-publish","4":"has-post-thumbnail","6":"product_cat-regulares","8":"first","9":"instock","10":"shipping-taxable","11":"purchasable","12":"product-type-simple"},"yoast_head":"<!-- This site is optimized with the Yoast SEO plugin v27.5 - https:\/\/yoast.com\/product\/yoast-seo-wordpress\/ -->\n<title>Punk Cake | Puppets Genetics<\/title>\n<meta name=\"robots\" content=\"index, follow, max-snippet:-1, max-image-preview:large, max-video-preview:-1\" \/>\n<link rel=\"canonical\" href=\"https:\/\/puppetsgenetics.com\/es\/producto\/punk-cake\/\" \/>\n<meta property=\"og:locale\" content=\"es_ES\" \/>\n<meta property=\"og:type\" content=\"article\" \/>\n<meta property=\"og:title\" content=\"Punk Cake | Puppets Genetics\" \/>\n<meta property=\"og:description\" content=\"Cruce: (Pancakes x Jealousy) x Animal Mints Bx1 Tiempo floraci\u00f3n: 8-9 semanas Rendimiento: Alto  15 semillas por paquete\" \/>\n<meta property=\"og:url\" content=\"https:\/\/puppetsgenetics.com\/es\/producto\/punk-cake\/\" \/>\n<meta property=\"og:site_name\" content=\"Puppets Genetics\" \/>\n<meta property=\"article:modified_time\" content=\"2025-02-11T14:32:45+00:00\" \/>\n<meta property=\"og:image\" content=\"https:\/\/puppetsgenetics.com\/wp-content\/uploads\/2023\/11\/Punk-Cake21.png\" \/>\n\t<meta property=\"og:image:width\" content=\"980\" \/>\n\t<meta property=\"og:image:height\" content=\"980\" \/>\n\t<meta property=\"og:image:type\" content=\"image\/png\" \/>\n<meta name=\"twitter:card\" content=\"summary_large_image\" \/>\n<meta name=\"twitter:label1\" content=\"Tiempo de lectura\" \/>\n\t<meta name=\"twitter:data1\" content=\"1 minuto\" \/>\n<script type=\"application\/ld+json\" class=\"yoast-schema-graph\">{\"@context\":\"https:\\\/\\\/schema.org\",\"@graph\":[{\"@type\":\"WebPage\",\"@id\":\"https:\\\/\\\/puppetsgenetics.com\\\/es\\\/producto\\\/punk-cake\\\/\",\"url\":\"https:\\\/\\\/puppetsgenetics.com\\\/es\\\/producto\\\/punk-cake\\\/\",\"name\":\"Punk Cake | Puppets Genetics\",\"isPartOf\":{\"@id\":\"https:\\\/\\\/puppetsgenetics.com\\\/es\\\/#website\"},\"primaryImageOfPage\":{\"@id\":\"https:\\\/\\\/puppetsgenetics.com\\\/es\\\/producto\\\/punk-cake\\\/#primaryimage\"},\"image\":{\"@id\":\"https:\\\/\\\/puppetsgenetics.com\\\/es\\\/producto\\\/punk-cake\\\/#primaryimage\"},\"thumbnailUrl\":\"https:\\\/\\\/puppetsgenetics.com\\\/wp-content\\\/uploads\\\/2023\\\/11\\\/Punk-Cake21.png\",\"datePublished\":\"2023-11-19T20:04:16+00:00\",\"dateModified\":\"2025-02-11T14:32:45+00:00\",\"breadcrumb\":{\"@id\":\"https:\\\/\\\/puppetsgenetics.com\\\/es\\\/producto\\\/punk-cake\\\/#breadcrumb\"},\"inLanguage\":\"es\",\"potentialAction\":[{\"@type\":\"ReadAction\",\"target\":[\"https:\\\/\\\/puppetsgenetics.com\\\/es\\\/producto\\\/punk-cake\\\/\"]}]},{\"@type\":\"ImageObject\",\"inLanguage\":\"es\",\"@id\":\"https:\\\/\\\/puppetsgenetics.com\\\/es\\\/producto\\\/punk-cake\\\/#primaryimage\",\"url\":\"https:\\\/\\\/puppetsgenetics.com\\\/wp-content\\\/uploads\\\/2023\\\/11\\\/Punk-Cake21.png\",\"contentUrl\":\"https:\\\/\\\/puppetsgenetics.com\\\/wp-content\\\/uploads\\\/2023\\\/11\\\/Punk-Cake21.png\",\"width\":1080,\"height\":1080},{\"@type\":\"BreadcrumbList\",\"@id\":\"https:\\\/\\\/puppetsgenetics.com\\\/es\\\/producto\\\/punk-cake\\\/#breadcrumb\",\"itemListElement\":[{\"@type\":\"ListItem\",\"position\":1,\"name\":\"Home\",\"item\":\"https:\\\/\\\/puppetsgenetics.com\\\/es\\\/\"},{\"@type\":\"ListItem\",\"position\":2,\"name\":\"Tienda\",\"item\":\"https:\\\/\\\/puppetsgenetics.com\\\/es\\\/?page_id=75\"},{\"@type\":\"ListItem\",\"position\":3,\"name\":\"Punk Cake\"}]},{\"@type\":\"WebSite\",\"@id\":\"https:\\\/\\\/puppetsgenetics.com\\\/es\\\/#website\",\"url\":\"https:\\\/\\\/puppetsgenetics.com\\\/es\\\/\",\"name\":\"PuppetsGenetics.com\",\"description\":\"Best Cannabis Genetics\",\"publisher\":{\"@id\":\"https:\\\/\\\/puppetsgenetics.com\\\/es\\\/#organization\"},\"alternateName\":\"PuppetsG\",\"potentialAction\":[{\"@type\":\"SearchAction\",\"target\":{\"@type\":\"EntryPoint\",\"urlTemplate\":\"https:\\\/\\\/puppetsgenetics.com\\\/es\\\/?s={search_term_string}\"},\"query-input\":{\"@type\":\"PropertyValueSpecification\",\"valueRequired\":true,\"valueName\":\"search_term_string\"}}],\"inLanguage\":\"es\"},{\"@type\":\"Organization\",\"@id\":\"https:\\\/\\\/puppetsgenetics.com\\\/es\\\/#organization\",\"name\":\"Puppets Genetics\",\"alternateName\":\"PuppetsG\",\"url\":\"https:\\\/\\\/puppetsgenetics.com\\\/es\\\/\",\"logo\":{\"@type\":\"ImageObject\",\"inLanguage\":\"es\",\"@id\":\"https:\\\/\\\/puppetsgenetics.com\\\/es\\\/#\\\/schema\\\/logo\\\/image\\\/\",\"url\":\"https:\\\/\\\/puppetsgenetics.com\\\/wp-content\\\/uploads\\\/2024\\\/04\\\/Puppets-Logo-1.png\",\"contentUrl\":\"https:\\\/\\\/puppetsgenetics.com\\\/wp-content\\\/uploads\\\/2024\\\/04\\\/Puppets-Logo-1.png\",\"width\":1280,\"height\":1242,\"caption\":\"Puppets Genetics\"},\"image\":{\"@id\":\"https:\\\/\\\/puppetsgenetics.com\\\/es\\\/#\\\/schema\\\/logo\\\/image\\\/\"},\"sameAs\":[\"https:\\\/\\\/www.instagram.com\\\/puppetsgenetics\\\/\"]}]}<\/script>\n<!-- \/ Yoast SEO plugin. -->","yoast_head_json":{"title":"Punk Cake | Puppets Genetics","robots":{"index":"index","follow":"follow","max-snippet":"max-snippet:-1","max-image-preview":"max-image-preview:large","max-video-preview":"max-video-preview:-1"},"canonical":"https:\/\/puppetsgenetics.com\/es\/producto\/punk-cake\/","og_locale":"es_ES","og_type":"article","og_title":"Punk Cake | Puppets Genetics","og_description":"Cruce: (Pancakes x Jealousy) x Animal Mints Bx1 Tiempo floraci\u00f3n: 8-9 semanas Rendimiento: Alto  15 semillas por paquete","og_url":"https:\/\/puppetsgenetics.com\/es\/producto\/punk-cake\/","og_site_name":"Puppets Genetics","article_modified_time":"2025-02-11T14:32:45+00:00","og_image":[{"url":"https:\/\/puppetsgenetics.com\/wp-content\/uploads\/2023\/11\/Punk-Cake21.png","width":980,"height":980,"type":"image\/png"}],"twitter_card":"summary_large_image","twitter_misc":{"Tiempo de lectura":"1 minuto"},"schema":{"@context":"https:\/\/schema.org","@graph":[{"@type":"WebPage","@id":"https:\/\/puppetsgenetics.com\/es\/producto\/punk-cake\/","url":"https:\/\/puppetsgenetics.com\/es\/producto\/punk-cake\/","name":"Punk Cake | Puppets Genetics","isPartOf":{"@id":"https:\/\/puppetsgenetics.com\/es\/#website"},"primaryImageOfPage":{"@id":"https:\/\/puppetsgenetics.com\/es\/producto\/punk-cake\/#primaryimage"},"image":{"@id":"https:\/\/puppetsgenetics.com\/es\/producto\/punk-cake\/#primaryimage"},"thumbnailUrl":"https:\/\/puppetsgenetics.com\/wp-content\/uploads\/2023\/11\/Punk-Cake21.png","datePublished":"2023-11-19T20:04:16+00:00","dateModified":"2025-02-11T14:32:45+00:00","breadcrumb":{"@id":"https:\/\/puppetsgenetics.com\/es\/producto\/punk-cake\/#breadcrumb"},"inLanguage":"es","potentialAction":[{"@type":"ReadAction","target":["https:\/\/puppetsgenetics.com\/es\/producto\/punk-cake\/"]}]},{"@type":"ImageObject","inLanguage":"es","@id":"https:\/\/puppetsgenetics.com\/es\/producto\/punk-cake\/#primaryimage","url":"https:\/\/puppetsgenetics.com\/wp-content\/uploads\/2023\/11\/Punk-Cake21.png","contentUrl":"https:\/\/puppetsgenetics.com\/wp-content\/uploads\/2023\/11\/Punk-Cake21.png","width":1080,"height":1080},{"@type":"BreadcrumbList","@id":"https:\/\/puppetsgenetics.com\/es\/producto\/punk-cake\/#breadcrumb","itemListElement":[{"@type":"ListItem","position":1,"name":"Home","item":"https:\/\/puppetsgenetics.com\/es\/"},{"@type":"ListItem","position":2,"name":"Tienda","item":"https:\/\/puppetsgenetics.com\/es\/?page_id=75"},{"@type":"ListItem","position":3,"name":"Punk Cake"}]},{"@type":"WebSite","@id":"https:\/\/puppetsgenetics.com\/es\/#website","url":"https:\/\/puppetsgenetics.com\/es\/","name":"PuppetsGenetics.com","description":"Best Cannabis Genetics","publisher":{"@id":"https:\/\/puppetsgenetics.com\/es\/#organization"},"alternateName":"PuppetsG","potentialAction":[{"@type":"SearchAction","target":{"@type":"EntryPoint","urlTemplate":"https:\/\/puppetsgenetics.com\/es\/?s={search_term_string}"},"query-input":{"@type":"PropertyValueSpecification","valueRequired":true,"valueName":"search_term_string"}}],"inLanguage":"es"},{"@type":"Organization","@id":"https:\/\/puppetsgenetics.com\/es\/#organization","name":"Puppets Genetics","alternateName":"PuppetsG","url":"https:\/\/puppetsgenetics.com\/es\/","logo":{"@type":"ImageObject","inLanguage":"es","@id":"https:\/\/puppetsgenetics.com\/es\/#\/schema\/logo\/image\/","url":"https:\/\/puppetsgenetics.com\/wp-content\/uploads\/2024\/04\/Puppets-Logo-1.png","contentUrl":"https:\/\/puppetsgenetics.com\/wp-content\/uploads\/2024\/04\/Puppets-Logo-1.png","width":1280,"height":1242,"caption":"Puppets Genetics"},"image":{"@id":"https:\/\/puppetsgenetics.com\/es\/#\/schema\/logo\/image\/"},"sameAs":["https:\/\/www.instagram.com\/puppetsgenetics\/"]}]}},"_links":{"self":[{"href":"https:\/\/puppetsgenetics.com\/es\/wp-json\/wp\/v2\/product\/594","targetHints":{"allow":["GET"]}}],"collection":[{"href":"https:\/\/puppetsgenetics.com\/es\/wp-json\/wp\/v2\/product"}],"about":[{"href":"https:\/\/puppetsgenetics.com\/es\/wp-json\/wp\/v2\/types\/product"}],"wp:featuredmedia":[{"embeddable":true,"href":"https:\/\/puppetsgenetics.com\/es\/wp-json\/wp\/v2\/media\/659"}],"wp:attachment":[{"href":"https:\/\/puppetsgenetics.com\/es\/wp-json\/wp\/v2\/media?parent=594"}],"wp:term":[{"taxonomy":"product_brand","embeddable":true,"href":"https:\/\/puppetsgenetics.com\/es\/wp-json\/wp\/v2\/product_brand?post=594"},{"taxonomy":"product_cat","embeddable":true,"href":"https:\/\/puppetsgenetics.com\/es\/wp-json\/wp\/v2\/product_cat?post=594"},{"taxonomy":"product_tag","embeddable":true,"href":"https:\/\/puppetsgenetics.com\/es\/wp-json\/wp\/v2\/product_tag?post=594"}],"curies":[{"name":"wp","href":"https:\/\/api.w.org\/{rel}","templated":true}]}}