{"id":717,"date":"2024-01-05T19:48:45","date_gmt":"2024-01-05T18:48:45","guid":{"rendered":"https:\/\/puppetsgenetics.com\/?post_type=product&#038;p=717"},"modified":"2025-02-11T15:32:02","modified_gmt":"2025-02-11T14:32:02","slug":"floquet-mints","status":"publish","type":"product","link":"https:\/\/puppetsgenetics.com\/es\/producto\/floquet-mints\/","title":{"rendered":"Floquet Mints"},"content":{"rendered":"<p>Planta vigorosa y de crecimiento r\u00e1pido. Produce largas y bonitas colas cubiertas de flores moradas. Sus efectos son contundentes, sentir\u00e1s c\u00f3mo se relaja tu cuerpo. Sus flores saben muy dulces, una mezcla de fruta tropical, notas c\u00edtricas y miel<\/p>\n","protected":false},"excerpt":{"rendered":"<p>Cruce: Tiki Sunset x Animal Mints bx1<br \/>\nTiempo de floraci\u00f3n: 8-9 semanas<br \/>\nRendimiento: Alto<\/p>\n<p>15 semillas por paquete<\/p>\n","protected":false},"featured_media":655,"template":"","meta":[],"product_brand":[],"product_cat":[32],"product_tag":[],"class_list":{"0":"post-717","1":"product","2":"type-product","3":"status-publish","4":"has-post-thumbnail","6":"product_cat-regulares","8":"first","9":"instock","10":"shipping-taxable","11":"purchasable","12":"product-type-simple"},"yoast_head":"<!-- This site is optimized with the Yoast SEO plugin v27.5 - https:\/\/yoast.com\/product\/yoast-seo-wordpress\/ -->\n<title>Floquet Mints | Puppets Genetics<\/title>\n<meta name=\"robots\" content=\"index, follow, max-snippet:-1, max-image-preview:large, max-video-preview:-1\" \/>\n<link rel=\"canonical\" href=\"https:\/\/puppetsgenetics.com\/es\/producto\/floquet-mints\/\" \/>\n<meta property=\"og:locale\" content=\"es_ES\" \/>\n<meta property=\"og:type\" content=\"article\" \/>\n<meta property=\"og:title\" content=\"Floquet Mints | Puppets Genetics\" \/>\n<meta property=\"og:description\" content=\"Cruce: Tiki Sunset x Animal Mints bx1 Tiempo de floraci\u00f3n: 8-9 semanas Rendimiento: Alto  15 semillas por paquete\" \/>\n<meta property=\"og:url\" content=\"https:\/\/puppetsgenetics.com\/es\/producto\/floquet-mints\/\" \/>\n<meta property=\"og:site_name\" content=\"Puppets Genetics\" \/>\n<meta property=\"article:modified_time\" content=\"2025-02-11T14:32:02+00:00\" \/>\n<meta property=\"og:image\" content=\"https:\/\/puppetsgenetics.com\/wp-content\/uploads\/2023\/11\/Tiki-Mints-cartell3.png\" \/>\n\t<meta property=\"og:image:width\" content=\"980\" \/>\n\t<meta property=\"og:image:height\" content=\"980\" \/>\n\t<meta property=\"og:image:type\" content=\"image\/png\" \/>\n<meta name=\"twitter:card\" content=\"summary_large_image\" \/>\n<meta name=\"twitter:label1\" content=\"Tiempo de lectura\" \/>\n\t<meta name=\"twitter:data1\" content=\"1 minuto\" \/>\n<script type=\"application\/ld+json\" class=\"yoast-schema-graph\">{\"@context\":\"https:\\\/\\\/schema.org\",\"@graph\":[{\"@type\":\"WebPage\",\"@id\":\"https:\\\/\\\/puppetsgenetics.com\\\/es\\\/producto\\\/floquet-mints\\\/\",\"url\":\"https:\\\/\\\/puppetsgenetics.com\\\/es\\\/producto\\\/floquet-mints\\\/\",\"name\":\"Floquet Mints | Puppets Genetics\",\"isPartOf\":{\"@id\":\"https:\\\/\\\/puppetsgenetics.com\\\/es\\\/#website\"},\"primaryImageOfPage\":{\"@id\":\"https:\\\/\\\/puppetsgenetics.com\\\/es\\\/producto\\\/floquet-mints\\\/#primaryimage\"},\"image\":{\"@id\":\"https:\\\/\\\/puppetsgenetics.com\\\/es\\\/producto\\\/floquet-mints\\\/#primaryimage\"},\"thumbnailUrl\":\"https:\\\/\\\/puppetsgenetics.com\\\/wp-content\\\/uploads\\\/2023\\\/11\\\/Tiki-Mints-cartell3.png\",\"datePublished\":\"2024-01-05T18:48:45+00:00\",\"dateModified\":\"2025-02-11T14:32:02+00:00\",\"breadcrumb\":{\"@id\":\"https:\\\/\\\/puppetsgenetics.com\\\/es\\\/producto\\\/floquet-mints\\\/#breadcrumb\"},\"inLanguage\":\"es\",\"potentialAction\":[{\"@type\":\"ReadAction\",\"target\":[\"https:\\\/\\\/puppetsgenetics.com\\\/es\\\/producto\\\/floquet-mints\\\/\"]}]},{\"@type\":\"ImageObject\",\"inLanguage\":\"es\",\"@id\":\"https:\\\/\\\/puppetsgenetics.com\\\/es\\\/producto\\\/floquet-mints\\\/#primaryimage\",\"url\":\"https:\\\/\\\/puppetsgenetics.com\\\/wp-content\\\/uploads\\\/2023\\\/11\\\/Tiki-Mints-cartell3.png\",\"contentUrl\":\"https:\\\/\\\/puppetsgenetics.com\\\/wp-content\\\/uploads\\\/2023\\\/11\\\/Tiki-Mints-cartell3.png\",\"width\":1080,\"height\":1080},{\"@type\":\"BreadcrumbList\",\"@id\":\"https:\\\/\\\/puppetsgenetics.com\\\/es\\\/producto\\\/floquet-mints\\\/#breadcrumb\",\"itemListElement\":[{\"@type\":\"ListItem\",\"position\":1,\"name\":\"Home\",\"item\":\"https:\\\/\\\/puppetsgenetics.com\\\/es\\\/\"},{\"@type\":\"ListItem\",\"position\":2,\"name\":\"Tienda\",\"item\":\"https:\\\/\\\/puppetsgenetics.com\\\/es\\\/tienda\\\/\"},{\"@type\":\"ListItem\",\"position\":3,\"name\":\"Floquet Mints\"}]},{\"@type\":\"WebSite\",\"@id\":\"https:\\\/\\\/puppetsgenetics.com\\\/es\\\/#website\",\"url\":\"https:\\\/\\\/puppetsgenetics.com\\\/es\\\/\",\"name\":\"PuppetsGenetics.com\",\"description\":\"Best Cannabis Genetics\",\"publisher\":{\"@id\":\"https:\\\/\\\/puppetsgenetics.com\\\/es\\\/#organization\"},\"alternateName\":\"PuppetsG\",\"potentialAction\":[{\"@type\":\"SearchAction\",\"target\":{\"@type\":\"EntryPoint\",\"urlTemplate\":\"https:\\\/\\\/puppetsgenetics.com\\\/es\\\/?s={search_term_string}\"},\"query-input\":{\"@type\":\"PropertyValueSpecification\",\"valueRequired\":true,\"valueName\":\"search_term_string\"}}],\"inLanguage\":\"es\"},{\"@type\":\"Organization\",\"@id\":\"https:\\\/\\\/puppetsgenetics.com\\\/es\\\/#organization\",\"name\":\"Puppets Genetics\",\"alternateName\":\"PuppetsG\",\"url\":\"https:\\\/\\\/puppetsgenetics.com\\\/es\\\/\",\"logo\":{\"@type\":\"ImageObject\",\"inLanguage\":\"es\",\"@id\":\"https:\\\/\\\/puppetsgenetics.com\\\/es\\\/#\\\/schema\\\/logo\\\/image\\\/\",\"url\":\"https:\\\/\\\/puppetsgenetics.com\\\/wp-content\\\/uploads\\\/2024\\\/04\\\/Puppets-Logo-1.png\",\"contentUrl\":\"https:\\\/\\\/puppetsgenetics.com\\\/wp-content\\\/uploads\\\/2024\\\/04\\\/Puppets-Logo-1.png\",\"width\":1280,\"height\":1242,\"caption\":\"Puppets Genetics\"},\"image\":{\"@id\":\"https:\\\/\\\/puppetsgenetics.com\\\/es\\\/#\\\/schema\\\/logo\\\/image\\\/\"},\"sameAs\":[\"https:\\\/\\\/www.instagram.com\\\/puppetsgenetics\\\/\"]}]}<\/script>\n<!-- \/ Yoast SEO plugin. -->","yoast_head_json":{"title":"Floquet Mints | Puppets Genetics","robots":{"index":"index","follow":"follow","max-snippet":"max-snippet:-1","max-image-preview":"max-image-preview:large","max-video-preview":"max-video-preview:-1"},"canonical":"https:\/\/puppetsgenetics.com\/es\/producto\/floquet-mints\/","og_locale":"es_ES","og_type":"article","og_title":"Floquet Mints | Puppets Genetics","og_description":"Cruce: Tiki Sunset x Animal Mints bx1 Tiempo de floraci\u00f3n: 8-9 semanas Rendimiento: Alto  15 semillas por paquete","og_url":"https:\/\/puppetsgenetics.com\/es\/producto\/floquet-mints\/","og_site_name":"Puppets Genetics","article_modified_time":"2025-02-11T14:32:02+00:00","og_image":[{"url":"https:\/\/puppetsgenetics.com\/wp-content\/uploads\/2023\/11\/Tiki-Mints-cartell3.png","width":980,"height":980,"type":"image\/png"}],"twitter_card":"summary_large_image","twitter_misc":{"Tiempo de lectura":"1 minuto"},"schema":{"@context":"https:\/\/schema.org","@graph":[{"@type":"WebPage","@id":"https:\/\/puppetsgenetics.com\/es\/producto\/floquet-mints\/","url":"https:\/\/puppetsgenetics.com\/es\/producto\/floquet-mints\/","name":"Floquet Mints | Puppets Genetics","isPartOf":{"@id":"https:\/\/puppetsgenetics.com\/es\/#website"},"primaryImageOfPage":{"@id":"https:\/\/puppetsgenetics.com\/es\/producto\/floquet-mints\/#primaryimage"},"image":{"@id":"https:\/\/puppetsgenetics.com\/es\/producto\/floquet-mints\/#primaryimage"},"thumbnailUrl":"https:\/\/puppetsgenetics.com\/wp-content\/uploads\/2023\/11\/Tiki-Mints-cartell3.png","datePublished":"2024-01-05T18:48:45+00:00","dateModified":"2025-02-11T14:32:02+00:00","breadcrumb":{"@id":"https:\/\/puppetsgenetics.com\/es\/producto\/floquet-mints\/#breadcrumb"},"inLanguage":"es","potentialAction":[{"@type":"ReadAction","target":["https:\/\/puppetsgenetics.com\/es\/producto\/floquet-mints\/"]}]},{"@type":"ImageObject","inLanguage":"es","@id":"https:\/\/puppetsgenetics.com\/es\/producto\/floquet-mints\/#primaryimage","url":"https:\/\/puppetsgenetics.com\/wp-content\/uploads\/2023\/11\/Tiki-Mints-cartell3.png","contentUrl":"https:\/\/puppetsgenetics.com\/wp-content\/uploads\/2023\/11\/Tiki-Mints-cartell3.png","width":1080,"height":1080},{"@type":"BreadcrumbList","@id":"https:\/\/puppetsgenetics.com\/es\/producto\/floquet-mints\/#breadcrumb","itemListElement":[{"@type":"ListItem","position":1,"name":"Home","item":"https:\/\/puppetsgenetics.com\/es\/"},{"@type":"ListItem","position":2,"name":"Tienda","item":"https:\/\/puppetsgenetics.com\/es\/tienda\/"},{"@type":"ListItem","position":3,"name":"Floquet Mints"}]},{"@type":"WebSite","@id":"https:\/\/puppetsgenetics.com\/es\/#website","url":"https:\/\/puppetsgenetics.com\/es\/","name":"PuppetsGenetics.com","description":"Best Cannabis Genetics","publisher":{"@id":"https:\/\/puppetsgenetics.com\/es\/#organization"},"alternateName":"PuppetsG","potentialAction":[{"@type":"SearchAction","target":{"@type":"EntryPoint","urlTemplate":"https:\/\/puppetsgenetics.com\/es\/?s={search_term_string}"},"query-input":{"@type":"PropertyValueSpecification","valueRequired":true,"valueName":"search_term_string"}}],"inLanguage":"es"},{"@type":"Organization","@id":"https:\/\/puppetsgenetics.com\/es\/#organization","name":"Puppets Genetics","alternateName":"PuppetsG","url":"https:\/\/puppetsgenetics.com\/es\/","logo":{"@type":"ImageObject","inLanguage":"es","@id":"https:\/\/puppetsgenetics.com\/es\/#\/schema\/logo\/image\/","url":"https:\/\/puppetsgenetics.com\/wp-content\/uploads\/2024\/04\/Puppets-Logo-1.png","contentUrl":"https:\/\/puppetsgenetics.com\/wp-content\/uploads\/2024\/04\/Puppets-Logo-1.png","width":1280,"height":1242,"caption":"Puppets Genetics"},"image":{"@id":"https:\/\/puppetsgenetics.com\/es\/#\/schema\/logo\/image\/"},"sameAs":["https:\/\/www.instagram.com\/puppetsgenetics\/"]}]}},"_links":{"self":[{"href":"https:\/\/puppetsgenetics.com\/es\/wp-json\/wp\/v2\/product\/717","targetHints":{"allow":["GET"]}}],"collection":[{"href":"https:\/\/puppetsgenetics.com\/es\/wp-json\/wp\/v2\/product"}],"about":[{"href":"https:\/\/puppetsgenetics.com\/es\/wp-json\/wp\/v2\/types\/product"}],"wp:featuredmedia":[{"embeddable":true,"href":"https:\/\/puppetsgenetics.com\/es\/wp-json\/wp\/v2\/media\/655"}],"wp:attachment":[{"href":"https:\/\/puppetsgenetics.com\/es\/wp-json\/wp\/v2\/media?parent=717"}],"wp:term":[{"taxonomy":"product_brand","embeddable":true,"href":"https:\/\/puppetsgenetics.com\/es\/wp-json\/wp\/v2\/product_brand?post=717"},{"taxonomy":"product_cat","embeddable":true,"href":"https:\/\/puppetsgenetics.com\/es\/wp-json\/wp\/v2\/product_cat?post=717"},{"taxonomy":"product_tag","embeddable":true,"href":"https:\/\/puppetsgenetics.com\/es\/wp-json\/wp\/v2\/product_tag?post=717"}],"curies":[{"name":"wp","href":"https:\/\/api.w.org\/{rel}","templated":true}]}}